{"id":137,"date":"2025-11-10T11:08:24","date_gmt":"2025-11-10T11:08:24","guid":{"rendered":"https:\/\/iesguadiana.es\/?page_id=137"},"modified":"2026-02-06T08:02:48","modified_gmt":"2026-02-06T08:02:48","slug":"programaciones-didacticas","status":"publish","type":"page","link":"https:\/\/iesguadiana.es\/?page_id=137","title":{"rendered":"Programaciones did\u00e1cticas"},"content":{"rendered":"\n<p class=\"has-text-align-center\"><strong>Curso 25\/26<\/strong><\/p>\n\n\n\n<div class=\"wp-block-group is-layout-grid wp-container-core-group-is-layout-9649a0d9 wp-block-group-is-layout-grid\">\n<p><a href=\"https:\/\/drive.google.com\/file\/d\/1cMm9uqvJpvN0PbozRXeJjbgcXf7Jbokb\/view?usp=drive_link\">PD Artes pl\u00e1sticas<\/a><\/p>\n\n\n\n<p><a href=\"https:\/\/drive.google.com\/file\/d\/1oUahoq8jFm-CL8KITU4_GJ2c3jC0qTKI\/view?usp=drive_link\">PD Ciencias naturales<\/a><\/p>\n\n\n\n<p><a href=\"https:\/\/drive.google.com\/file\/d\/1H6GML2vMY_rvbHU9tcBqj_b8SQ3fK1Hj\/view?usp=drive_link\">PD Cultura cl\u00e1sica<\/a><\/p>\n\n\n\n<p><a href=\"https:\/\/drive.google.com\/file\/d\/1PUiFcWP6hXGJDBr3SBKW6jd5VXeA1YKK\/view?usp=drive_link\">PD Econom\u00eda<\/a><\/p>\n\n\n\n<p><a href=\"https:\/\/drive.google.com\/file\/d\/1OruiIr5BmRjoUaqr7gP2jbTl2XnZv896\/view?usp=drive_link\">PD Educaci\u00f3n f\u00edsica<\/a><\/p>\n\n\n\n<p><a href=\"https:\/\/drive.google.com\/file\/d\/1hurSNkboowpE_mRnGrwEiVpwQSB0-6qX\/view?usp=drive_link\">PD Filosof\u00eda<\/a><\/p>\n\n\n\n<p><a href=\"https:\/\/drive.google.com\/file\/d\/10f2BWlZAam7Q9LfMgUCPri6IGPm7jkvW\/view?usp=drive_link\">PD F\u00edsica y qu\u00edmica<\/a><\/p>\n\n\n\n<p><a href=\"https:\/\/drive.google.com\/file\/d\/1PO6A4OsRUOOG2VNLKDhYnmg7g0eByjnh\/view?usp=drive_link\">PD Franc\u00e9s<\/a><\/p>\n\n\n\n<p><a href=\"https:\/\/drive.google.com\/file\/d\/1GW7mhA-wqfXDIWU324h1Epjv2rAtvMZ_\/view?usp=drive_link\">PD Geograf\u00eda e historia<\/a><\/p>\n\n\n\n<p>P<a href=\"https:\/\/drive.google.com\/file\/d\/11LLNtHt6JVaYGlQjBJWy4iH_9v7VyVNw\/view?usp=drive_link\" data-type=\"link\" data-id=\"https:\/\/drive.google.com\/file\/d\/11LLNtHt6JVaYGlQjBJWy4iH_9v7VyVNw\/view?usp=drive_link\">D Inform\u00e1tica (CFGB)<\/a><\/p>\n\n\n\n<p class=\"wp-container-content-69bc4bdf\"><a href=\"https:\/\/drive.google.com\/file\/d\/1g3B8IBbJAG9THJmVZq1LYtSD9y_BKa4p\/view?usp=drive_link\">PD Ingl\u00e9s<\/a><\/p>\n\n\n\n<p><a href=\"https:\/\/drive.google.com\/file\/d\/1IQFXka98_6fGZSRXbtB_vY2gsve6lO_s\/view?usp=drive_link\">PD Lengua y literatura<\/a><\/p>\n\n\n\n<p><a href=\"https:\/\/drive.google.com\/file\/d\/1HlMmwLHPkthYfVCXdqw0E_T7IxrPms2n\/view?usp=drive_link\">PD Matem\u00e1ticas<\/a><\/p>\n\n\n\n<p><a href=\"https:\/\/drive.google.com\/file\/d\/1Jm4J7XqZm-fHGKKNMuUeiTU9IO2ocvaT\/view?usp=drive_link\">PD M\u00fasica<\/a><\/p>\n\n\n\n<p><a href=\"https:\/\/drive.google.com\/file\/d\/1-70naVP_eUWpUOjaseWTFbc63jezPpIi\/view?usp=drive_link\">PD Orientaci\u00f3n y \u00e1mbitos<\/a><\/p>\n\n\n\n<p class=\"wp-container-content-69bc4bdf\"><a href=\"https:\/\/drive.google.com\/file\/d\/1rizuXQC_p8IgdCQPWwN148XO5ySzp9F1\/view?usp=drive_link\">PD Religi\u00f3n<\/a><\/p>\n\n\n\n<p><a href=\"https:\/\/drive.google.com\/file\/d\/1l04uwXXF95Q0HlPy9mm0fMmaNOYhZ_N6\/view?usp=drive_link\">PD Tecnolog\u00eda<\/a><\/p>\n<\/div>\n\n\n\n<p><\/p>\n","protected":false},"excerpt":{"rendered":"<p>Curso 25\/26 PD Artes pl\u00e1sticas PD Ciencias naturales PD Cultura cl\u00e1sica PD Econom\u00eda PD Educaci\u00f3n f\u00edsica PD Filosof\u00eda PD F\u00edsica y qu\u00edmica PD Franc\u00e9s PD Geograf\u00eda e historia PD Inform\u00e1tica &#8230;<\/p>\n","protected":false},"author":3,"featured_media":0,"parent":0,"menu_order":0,"comment_status":"closed","ping_status":"closed","template":"","meta":{"footnotes":""},"class_list":["post-137","page","type-page","status-publish","hentry"],"_links":{"self":[{"href":"https:\/\/iesguadiana.es\/index.php?rest_route=\/wp\/v2\/pages\/137","targetHints":{"allow":["GET"]}}],"collection":[{"href":"https:\/\/iesguadiana.es\/index.php?rest_route=\/wp\/v2\/pages"}],"about":[{"href":"https:\/\/iesguadiana.es\/index.php?rest_route=\/wp\/v2\/types\/page"}],"author":[{"embeddable":true,"href":"https:\/\/iesguadiana.es\/index.php?rest_route=\/wp\/v2\/users\/3"}],"replies":[{"embeddable":true,"href":"https:\/\/iesguadiana.es\/index.php?rest_route=%2Fwp%2Fv2%2Fcomments&post=137"}],"version-history":[{"count":4,"href":"https:\/\/iesguadiana.es\/index.php?rest_route=\/wp\/v2\/pages\/137\/revisions"}],"predecessor-version":[{"id":155,"href":"https:\/\/iesguadiana.es\/index.php?rest_route=\/wp\/v2\/pages\/137\/revisions\/155"}],"wp:attachment":[{"href":"https:\/\/iesguadiana.es\/index.php?rest_route=%2Fwp%2Fv2%2Fmedia&parent=137"}],"curies":[{"name":"wp","href":"https:\/\/api.w.org\/{rel}","templated":true}]}}