{"id":72,"date":"2025-08-08T09:36:33","date_gmt":"2025-08-08T09:36:33","guid":{"rendered":"https:\/\/iesguadiana.es\/?page_id=72"},"modified":"2026-01-22T08:07:40","modified_gmt":"2026-01-22T08:07:40","slug":"documentos-programaticos","status":"publish","type":"page","link":"https:\/\/iesguadiana.es\/?page_id=72","title":{"rendered":"Documentos Program\u00e1ticos"},"content":{"rendered":"\n<p><strong>Curso 25-26<\/strong><\/p>\n\n\n\n<p><a href=\"https:\/\/drive.google.com\/file\/d\/1Q6Y3nslnGq_kv8sjKyMDOy8vWD7GMzwM\/view?usp=drive_link\" data-type=\"link\" data-id=\"https:\/\/drive.google.com\/file\/d\/1Q6Y3nslnGq_kv8sjKyMDOy8vWD7GMzwM\/view?usp=drive_link\">Proyecto Educativo de Centro<\/a><\/p>\n\n\n\n<p><a href=\"https:\/\/drive.google.com\/file\/d\/17Sm7mL72cU9HDwl4WlEzL-99lAXFjfmO\/view?usp=drive_link\">Programaci\u00f3n General Anual<\/a><\/p>\n\n\n\n<p><a href=\"https:\/\/drive.google.com\/file\/d\/1-ve6CgyJN2DO_LsNkKe2I_jCxjrpKs7H\/view?usp=drive_link\">Plan de mejora<\/a><\/p>\n\n\n\n<p><a href=\"https:\/\/drive.google.com\/file\/d\/1R_0neFmdq9FhpX_qdl6OrZqw_w8qRtGt\/view?usp=drive_link\">Plan de digitalizaci\u00f3n<\/a><\/p>\n\n\n\n<p><a href=\"https:\/\/drive.google.com\/file\/d\/1hbirKhYa8cT0PZV9zRrzwGbeHVOqLnyt\/view?usp=drive_link\">Plan de Bienestar y Convivencia<\/a><\/p>\n\n\n\n<p><a href=\"https:\/\/drive.google.com\/file\/d\/1lD8pwLXjN5bIE_HdBJQvQ99ols296too\/view?usp=drive_link\">Plan lector<\/a><\/p>\n\n\n\n<p><a href=\"https:\/\/drive.google.com\/file\/d\/1NuuvqIZNQGYRBS70nnd038plyAJFsYGp\/view?usp=drive_link\">Plan de formaci\u00f3n<\/a><\/p>\n\n\n\n<p><a href=\"https:\/\/iesguadiana.es\/?page_id=137\">Programaciones Did\u00e1cticas<\/a><\/p>\n\n\n\n<p><a href=\"https:\/\/drive.google.com\/file\/d\/1HFMjm9H35rv8wImhdhxlaIEpxH9heBUu\/view?usp=drive_link\" data-type=\"link\" data-id=\"https:\/\/drive.google.com\/file\/d\/1HFMjm9H35rv8wImhdhxlaIEpxH9heBUu\/view?usp=drive_link\">Normas de convivencia (NCOF)<\/a><\/p>\n\n\n\n<p><\/p>\n","protected":false},"excerpt":{"rendered":"<p>Curso 25-26 Proyecto Educativo de Centro Programaci\u00f3n General Anual Plan de mejora Plan de digitalizaci\u00f3n Plan de Bienestar y Convivencia Plan lector Plan de formaci\u00f3n Programaciones Did\u00e1cticas Normas de convivencia &#8230;<\/p>\n","protected":false},"author":1,"featured_media":0,"parent":0,"menu_order":0,"comment_status":"closed","ping_status":"closed","template":"","meta":{"footnotes":""},"class_list":["post-72","page","type-page","status-publish","hentry"],"_links":{"self":[{"href":"https:\/\/iesguadiana.es\/index.php?rest_route=\/wp\/v2\/pages\/72","targetHints":{"allow":["GET"]}}],"collection":[{"href":"https:\/\/iesguadiana.es\/index.php?rest_route=\/wp\/v2\/pages"}],"about":[{"href":"https:\/\/iesguadiana.es\/index.php?rest_route=\/wp\/v2\/types\/page"}],"author":[{"embeddable":true,"href":"https:\/\/iesguadiana.es\/index.php?rest_route=\/wp\/v2\/users\/1"}],"replies":[{"embeddable":true,"href":"https:\/\/iesguadiana.es\/index.php?rest_route=%2Fwp%2Fv2%2Fcomments&post=72"}],"version-history":[{"count":7,"href":"https:\/\/iesguadiana.es\/index.php?rest_route=\/wp\/v2\/pages\/72\/revisions"}],"predecessor-version":[{"id":153,"href":"https:\/\/iesguadiana.es\/index.php?rest_route=\/wp\/v2\/pages\/72\/revisions\/153"}],"wp:attachment":[{"href":"https:\/\/iesguadiana.es\/index.php?rest_route=%2Fwp%2Fv2%2Fmedia&parent=72"}],"curies":[{"name":"wp","href":"https:\/\/api.w.org\/{rel}","templated":true}]}}